{"id":404,"date":"2023-04-08T09:13:29","date_gmt":"2023-04-08T09:13:29","guid":{"rendered":"https:\/\/marespiaggiacucina.it\/?page_id=404"},"modified":"2025-04-24T10:27:48","modified_gmt":"2025-04-24T10:27:48","slug":"menu-di-pasqua","status":"publish","type":"page","link":"https:\/\/marespiaggiacucina.it\/?page_id=404","title":{"rendered":"MEN\u00d9 ALLA CARTA"},"content":{"rendered":"\n<p class=\"has-text-align-center has-medium-font-size\">In questa pagina puoi trovare il nostro menu!<\/p>\n\n\n\n<div class=\"is-layout-constrained wp-block-group menu\"><div class=\"wp-block-group__inner-container\">\n<h2 class=\"has-text-align-center\"><strong><em>ANTIPASTI<\/em><\/strong><\/h2>\n\n\n\n<p class=\"has-text-align-center\">Tentacolo di polipo alla lastra con morbido di patate e frutti dell\u2019 orto&nbsp;&#8211; \u20ac19<\/p>\n\n\n\n<p class=\"has-text-align-center\">Selezione Mar\u00e8<strong>: <\/strong>Saore, Polipo in sopressa, Tagliatelle di seppia, Cicale, Baccal\u00e0 mantecato, Pat\u00e8 di Muggine, Sarda panata, Gambero in tempura, Spada affumicato&nbsp;&#8211; \u20ac27<\/p>\n\n\n\n<p class=\"has-text-align-center\">Spiedo di Gamberi alla paprika affumicata, patate sabbiate, datterino e salsa all\u2019aglio rosa&nbsp; &#8211; \u20ac13<\/p>\n<\/div><\/div>\n\n\n\n<h2><\/h2>\n\n\n\n<div class=\"is-layout-constrained wp-block-group menu\"><div class=\"wp-block-group__inner-container\">\n<h2 class=\"has-text-align-center\"><strong><em>PRIMI<\/em><\/strong> <em>PIATTI<\/em><\/h2>\n\n\n\n<p class=\"has-text-align-center\">Calamarata (pasta fresca) con battuto di cozze, pane profumato e pomodoro secco&nbsp; &#8211; \u20ac16<\/p>\n\n\n\n<p class=\"has-text-align-center\">Spaghetti alle vongole veraci&nbsp; &#8211; \u20ac20<\/p>\n\n\n\n<p class=\"has-text-align-center\">Spaghetto mantecato con peperoncino, mazzancolla e salsa all\u2019aglio rosa &#8211; \u20ac16<\/p>\n<\/div><\/div>\n\n\n\n<h2><\/h2>\n\n\n\n<div class=\"is-layout-constrained wp-block-group menu\"><div class=\"wp-block-group__inner-container\">\n<h2 class=\"has-text-align-center\"><strong><em>SECONDI<\/em><\/strong>  <em>PIATTI<\/em><\/h2>\n\n\n\n<p class=\"has-text-align-center\">Mar\u00e8 Fritto e Panelle : seppie, calamari, gamberi e pescato del giorno gr.600&nbsp; &#8211; \u20ac23<\/p>\n\n\n\n<p class=\"has-text-align-center\">Picanha di Tonno con patate sabbiate, peperone e carote baby al burro&nbsp; &#8211; \u20ac20<\/p>\n\n\n\n<p class=\"has-text-align-center\">Trancio di pescato in osmosi con asparagi e speck croccante&nbsp; &#8211; \u20ac20<\/p>\n<\/div><\/div>\n\n\n\n<h2><\/h2>\n\n\n\n<div class=\"is-layout-constrained wp-block-group menu\"><div class=\"wp-block-group__inner-container\">\n<h2 class=\"has-text-align-center\"><strong><em>DOLCI DI NOSTRA PRODUZIONE<\/em><\/strong><\/h2>\n\n\n\n<p class=\"has-text-align-center\">Richiedi la carta dei dolci al nostro simpaticissimo staff!<\/p>\n<\/div><\/div>\n\n\n\n<h2><\/h2>\n\n\n\n<p><\/p>\n","protected":false},"excerpt":{"rendered":"<p>In questa pagina puoi trovare il nostro menu! ANTIPASTI Tentacolo di polipo alla lastra con morbido di patate e frutti dell\u2019 orto&nbsp;&#8211; \u20ac19 Selezione Mar\u00e8: Saore, Polipo in sopressa, Tagliatelle di seppia, Cicale, Baccal\u00e0 mantecato, Pat\u00e8 di Muggine, Sarda panata, Gambero in tempura, Spada affumicato&nbsp;&#8211; \u20ac27 Spiedo di Gamberi alla paprika affumicata, patate sabbiate, datterino &hellip; <\/p>\n<p class=\"link-more\"><a href=\"https:\/\/marespiaggiacucina.it\/?page_id=404\" class=\"more-link\">Leggi tutto<span class=\"screen-reader-text\"> &#8220;MEN\u00d9 ALLA CARTA&#8221;<\/span><\/a><\/p>\n","protected":false},"author":1,"featured_media":0,"parent":0,"menu_order":0,"comment_status":"closed","ping_status":"closed","template":"","meta":{"om_disable_all_campaigns":false,"_mi_skip_tracking":false,"_themeisle_gutenberg_block_has_review":false},"aioseo_notices":[],"_links":{"self":[{"href":"https:\/\/marespiaggiacucina.it\/index.php?rest_route=\/wp\/v2\/pages\/404"}],"collection":[{"href":"https:\/\/marespiaggiacucina.it\/index.php?rest_route=\/wp\/v2\/pages"}],"about":[{"href":"https:\/\/marespiaggiacucina.it\/index.php?rest_route=\/wp\/v2\/types\/page"}],"author":[{"embeddable":true,"href":"https:\/\/marespiaggiacucina.it\/index.php?rest_route=\/wp\/v2\/users\/1"}],"replies":[{"embeddable":true,"href":"https:\/\/marespiaggiacucina.it\/index.php?rest_route=%2Fwp%2Fv2%2Fcomments&post=404"}],"version-history":[{"count":8,"href":"https:\/\/marespiaggiacucina.it\/index.php?rest_route=\/wp\/v2\/pages\/404\/revisions"}],"predecessor-version":[{"id":785,"href":"https:\/\/marespiaggiacucina.it\/index.php?rest_route=\/wp\/v2\/pages\/404\/revisions\/785"}],"wp:attachment":[{"href":"https:\/\/marespiaggiacucina.it\/index.php?rest_route=%2Fwp%2Fv2%2Fmedia&parent=404"}],"curies":[{"name":"wp","href":"https:\/\/api.w.org\/{rel}","templated":true}]}}