{"id":46,"date":"2023-02-21T08:06:48","date_gmt":"2023-02-21T08:06:48","guid":{"rendered":"https:\/\/marespiaggiacucina.it\/?page_id=46"},"modified":"2024-02-12T19:06:31","modified_gmt":"2024-02-12T19:06:31","slug":"contatti","status":"publish","type":"page","link":"https:\/\/marespiaggiacucina.it\/?page_id=46","title":{"rendered":"CONTATTI"},"content":{"rendered":"\n<div class=\"is-layout-constrained wp-block-group\"><div class=\"wp-block-group__inner-container\">\n<div class=\"is-layout-constrained wp-block-group\"><div class=\"wp-block-group__inner-container\">\n<div class=\"is-layout-constrained wp-block-group\"><div class=\"wp-block-group__inner-container\"><\/div><\/div>\n<\/div><\/div>\n\n\n\n<p class=\"has-medium-font-size\">In questa sezione puoi trovare tutte le informazioni utili per metterti in contatto con noi!<\/p>\n<\/div><\/div>\n\n\n\n<div class=\"is-layout-constrained wp-block-group menu\"><div class=\"wp-block-group__inner-container\">\n<h2 class=\"has-text-align-center\">Info &#8211; Mar\u00e8<\/h2>\n\n\n\n<p class=\"has-text-align-center\">telefono: +39 345 403 0242<br>e-mail: info@marespiaggiacucina.it<\/p>\n\n\n\n<h2 class=\"has-text-align-center\">Spiaggia &#8211; Mar\u00e8<\/h2>\n\n\n\n<p class=\"has-text-align-center\">Luca: +39 345 403 0242<br>e-mail: spiaggia@marespiaggiacucina.it<\/p>\n\n\n\n<h2 class=\"has-text-align-center\">Ristorante &#8211;  Mar\u00e8<\/h2>\n\n\n\n<p class=\"has-text-align-center\">Sara: +39 338 290 5045<br>e-mail: ristorante@marespiaggiacucina.it<\/p>\n\n\n\n<h2 class=\"has-text-align-center\">Dove siamo<\/h2>\n\n\n\n<p class=\"has-text-align-center\">Via Sebastiano Venier, 8<br>Sottomarina di Chioggia (VE), 30015<\/p>\n<\/div><\/div>\n\n\n\n<h2>Vieni a trovarci!<\/h2>\n\n\n\n<center>\n<iframe style=\"position: relative; height: 500; width: 100%;\" \nsrc=\"https:\/\/www.google.com\/maps\/embed?pb=!1m18!1m12!1m3!1d2811.4932855723255!2d12.301058515800431!3d45.197352659229885!2m3!1f0!2f0!3f0!3m2!1i1024!2i768!4f13.1!3m3!1m2!1s0x477e99baf0f83b9d%3A0x892b48dfcafdbd8!2sVia%20Sebastiano%20Venier%2C%208%2C%2030015%20Chioggia%20VE!5e0!3m2!1sit!2sit!4v1680866191848!5m2!1sit!2sit\" width=\"600\" height=\"450\" style=\"border:0;\" allowfullscreen=\"\" loading=\"lazy\" referrerpolicy=\"no-referrer-when-downgrade\"><\/iframe>\n<\/center>\n\n\n\n<h2><\/h2>\n\n\n\n<h2 id=\"wp-block-themeisle-blocks-advanced-heading-c47fae27\" class=\"wp-block-themeisle-blocks-advanced-heading wp-block-themeisle-blocks-advanced-heading-c47fae27\"><br><\/h2>\n\n\n\n<p><\/p>\n\n\n\n<p><\/p>\n","protected":false},"excerpt":{"rendered":"<p>In questa sezione puoi trovare tutte le informazioni utili per metterti in contatto con noi! Info &#8211; Mar\u00e8 telefono: +39 345 403 0242e-mail: info@marespiaggiacucina.it Spiaggia &#8211; Mar\u00e8 Luca: +39 345 403 0242e-mail: spiaggia@marespiaggiacucina.it Ristorante &#8211; Mar\u00e8 Sara: +39 338 290 5045e-mail: ristorante@marespiaggiacucina.it Dove siamo Via Sebastiano Venier, 8Sottomarina di Chioggia (VE), 30015 Vieni a trovarci!<\/p>\n","protected":false},"author":2,"featured_media":0,"parent":0,"menu_order":0,"comment_status":"closed","ping_status":"closed","template":"","meta":{"om_disable_all_campaigns":false,"_mi_skip_tracking":false,"_themeisle_gutenberg_block_has_review":false},"aioseo_notices":[],"_links":{"self":[{"href":"https:\/\/marespiaggiacucina.it\/index.php?rest_route=\/wp\/v2\/pages\/46"}],"collection":[{"href":"https:\/\/marespiaggiacucina.it\/index.php?rest_route=\/wp\/v2\/pages"}],"about":[{"href":"https:\/\/marespiaggiacucina.it\/index.php?rest_route=\/wp\/v2\/types\/page"}],"author":[{"embeddable":true,"href":"https:\/\/marespiaggiacucina.it\/index.php?rest_route=\/wp\/v2\/users\/2"}],"replies":[{"embeddable":true,"href":"https:\/\/marespiaggiacucina.it\/index.php?rest_route=%2Fwp%2Fv2%2Fcomments&post=46"}],"version-history":[{"count":45,"href":"https:\/\/marespiaggiacucina.it\/index.php?rest_route=\/wp\/v2\/pages\/46\/revisions"}],"predecessor-version":[{"id":597,"href":"https:\/\/marespiaggiacucina.it\/index.php?rest_route=\/wp\/v2\/pages\/46\/revisions\/597"}],"wp:attachment":[{"href":"https:\/\/marespiaggiacucina.it\/index.php?rest_route=%2Fwp%2Fv2%2Fmedia&parent=46"}],"curies":[{"name":"wp","href":"https:\/\/api.w.org\/{rel}","templated":true}]}}